{"id":274,"date":"2018-08-01T03:10:30","date_gmt":"2018-08-01T03:10:30","guid":{"rendered":"http:\/\/demo.casethemes.net\/unfinityplus-event\/?page_id=274"},"modified":"2025-01-05T12:37:39","modified_gmt":"2025-01-05T12:37:39","slug":"home","status":"publish","type":"page","link":"https:\/\/event.benga.fr\/","title":{"rendered":"Home"},"content":{"rendered":"<div class=\"wpb-content-wrapper\"><p>[vc_row full_width=&#8221;stretch_row_content_no_spaces&#8221; el_id=&#8221;section-home&#8221;][vc_column][rev_slider_vc alias=&#8221;home&#8221; arrow_style=&#8221;style5&#8243; bullet_style=&#8221;bullet-style2&#8243;][\/vc_column][\/vc_row][vc_row el_id=&#8221;about&#8221;][vc_column css=&#8221;.vc_custom_1533809964198{padding-top: 107px !important;padding-bottom: 74px !important;}&#8221;][cms_heading text=&#8221;Au c\u0153ur des \u00e9v\u00e9nements de votre r\u00e9gion&#8221; align_lg=&#8221;align-center&#8221; align_md=&#8221;align-center-md&#8221; align_sm=&#8221;align-center-sm&#8221; align_xs=&#8221;align-center-xs&#8221; font_size=&#8221;36&#8243; font_size_md=&#8221;36&#8243; font_size_sm=&#8221;36&#8243; font_size_xs=&#8221;30&#8243; text_transform=&#8221;lowercase&#8221; font_weight=&#8221;&#8221; text_color=&#8221;#444d57&#8243; margin_bottom=&#8221;7&#8243; animation=&#8221;fadeInUp&#8221;][vc_empty_space height=&#8221;11px&#8221;][cms_separator position=&#8221;ps-center&#8221; width=&#8221;2&#8243; height=&#8221;60&#8243; animation=&#8221;fadeInUp&#8221;][vc_empty_space height=&#8221;40px&#8221;][vc_row_inner][vc_column_inner width=&#8221;1\/2&#8243; css=&#8221;.vc_custom_1533809948458{padding-top: 0px !important;padding-bottom: 44px !important;}&#8221;][cms_heading text=&#8221;BENGA Ev\u00e8nements&#8221; tag=&#8221;h4&#8243; font_size=&#8221;18&#8243; font_size_md=&#8221;18&#8243; font_size_sm=&#8221;18&#8243; font_size_xs=&#8221;18&#8243; line_height=&#8221;27&#8243; line_height_md=&#8221;27&#8243; line_height_sm=&#8221;27&#8243; line_height_xs=&#8221;27&#8243; text_decoration=&#8221;underline&#8221; font_weight=&#8221;500&#8243; letter_spacing=&#8221;-0.025em&#8221; text_color=&#8221;#444444&#8243; description=&#8221;Chez BENGA, nous croyons en l&#8217;importance de renforcer les liens entre les collectivit\u00e9s locales et les acteurs de la r\u00e9gion. La page \u00e9v\u00e9nements a \u00e9t\u00e9 con\u00e7ue pour offrir une plateforme unique permettant aux mairies de partager leurs initiatives tout au long de l&#8217;ann\u00e9e et de mettre en lumi\u00e8re la richesse culturelle et artisanale locale.<\/p>\n<p>Cet espace facilite \u00e9galement la collaboration entre les organisateurs et les talents r\u00e9gionaux, qu&#8217;il s&#8217;agisse d&#8217;artisans, d&#8217;artistes ou d&#8217;entrepreneurs. En centralisant ces informations, nous visons \u00e0 encourager une participation active des citoyens et \u00e0 dynamiser la vie locale, tout en simplifiant la communication entre les parties prenantes.<\/p>\n<p>Avec la page \u00e9v\u00e9nements, BENGA s&#8217;engage \u00e0 soutenir une r\u00e9gion plus connect\u00e9e, inclusive et tourn\u00e9e vers l&#8217;avenir.&#8221; description_color=&#8221;#777777&#8243; margin_bottom=&#8221;31&#8243;][vc_empty_space height=&#8221;44px&#8221;][cms_button button_text=&#8221;La carte des \u00e9v\u00e8nements&#8221; button_link=&#8221;url:%23|||&#8221; button_style=&#8221;btn-gradient&#8221; padding_right=&#8221;26&#8243; padding_left=&#8221;26&#8243; br_top=&#8221;45&#8243; br_right=&#8221;45&#8243; br_bottom=&#8221;45&#8243; br_left=&#8221;45&#8243;][\/vc_column_inner][vc_column_inner width=&#8221;1\/2&#8243; css=&#8221;.vc_custom_1533809952755{padding-top: 0px !important;padding-bottom: 44px !important;}&#8221;][cms_video_player video_link=&#8221;youtube.com\/watch?v=SF4aHwxHtZ0&#8243; video_bg_image=&#8221;1224&#8243; btn_style=&#8221;style3&#8243; intro_style=&#8221;style2&#8243;][\/vc_column_inner][\/vc_row_inner][vc_empty_space height=&#8221;40px&#8221;][\/vc_column][\/vc_row][vc_row][vc_column ct_column_class=&#8221;rm-margin-sm&#8221; css=&#8221;.vc_custom_1533806678239{margin-top: -205px !important;padding-top: 80px !important;}&#8221;]<style type=\"text\/css\" id=\"umsMapStyles_1_69440\">\n    #ultimate_maps_1_69440 {\n        width: 100%;\n        height: 1000px;\n                border: 0px solid ;\n        margin: 0px;\n    }\n    #mapsControlsNum_1_69440 {\n        width:100%    }\n    .umsMapDetailsContainer#umsMapDetailsContainer_1_69440 {\n        height:1000px;\n    }\n    .ums_MapPreview#ultimate_maps_1_69440 {\n        \/*position:absolute;*\/\n        width:100%;\n    }\n    #mapConElem_1_69440{\n        width:100%    }\n    <\/style><div class=\"ums_map_opts\" id=\"mapConElem_1_69440\" data-id=\"1\" data-view-id=\"1_69440\" > <div class=\"umsMapDetailsContainer\" id=\"umsMapDetailsContainer_1_69440\"> <i class=\"umsKMLLayersPreloader fa fa-spinner fa-spin\" aria-hidden=\"true\" style=\"display: none;\"><\/i> <div class=\"ums_MapPreview \" id=\"ultimate_maps_1_69440\"><\/div> <\/div> <div class=\"umsMapMarkerFilters\" id=\"umsMapMarkerFilters_1_69440\"> <\/div> <div class=\"umsMapProControlsCon\" id=\"umsMapProControlsCon_1_69440\"> <a title=\"WordPress Google Maps Plugin\" style=\"display:none;\" href=\"https:\/\/supsystic.com\/plugins\/google-maps-plugin\/?utm_medium=love_link_hide\" target=\"_blank\">WordPress Google Maps Plugin<\/a><div style=\"clear: both;\"><\/div> <\/div> <div class=\"umsMapProDirectionsCon\" id=\"umsMapProDirectionsCon_1_69440\" > <\/div> <div class=\"umsMapProKmlFilterCon\" id=\"umsMapProKmlFilterCon_1_69440\" > <\/div> <div class=\"umsSocialSharingShell umsSocialSharingShell_1_69440\"> <\/div> <div style=\"clear: both;\"><\/div> <\/div>[vc_empty_space height=&#8221;27px&#8221;][cms_separator position=&#8221;ps-center&#8221; width=&#8221;2&#8243; height=&#8221;60&#8243; animation=&#8221;fadeInUp&#8221;][\/vc_column][\/vc_row][vc_row full_width=&#8221;stretch_row&#8221; css=&#8221;.vc_custom_1533872000316{background-color: #f7f7f7 !important;}&#8221; el_id=&#8221;schedule&#8221;][vc_column css=&#8221;.vc_custom_1533823789869{padding-top: 108px !important;padding-bottom: 115px !important;}&#8221;][vc_row_inner][vc_column_inner width=&#8221;1\/6&#8243;][\/vc_column_inner][vc_column_inner width=&#8221;2\/3&#8243;][cms_heading text=&#8221;Les \u00e9v\u00e8nements du moment&#8221; align_lg=&#8221;align-center&#8221; align_md=&#8221;align-center-md&#8221; align_sm=&#8221;align-center-sm&#8221; align_xs=&#8221;align-center-xs&#8221; font_size=&#8221;36&#8243; font_size_md=&#8221;36&#8243; font_size_sm=&#8221;36&#8243; font_size_xs=&#8221;30&#8243; text_transform=&#8221;lowercase&#8221; font_weight=&#8221;&#8221; text_color=&#8221;#444d57&#8243; description=&#8221;D\u00e9couvrez les \u00e9v\u00e9nements \u00e0 venir dans votre r\u00e9gion, propos\u00e9s en partenariat avec les mairies : des rendez-vous en pr\u00e9paration, avec des dates bient\u00f4t confirm\u00e9es.&#8221; margin_bottom=&#8221;15&#8243; animation=&#8221;fadeInUp&#8221;][vc_empty_space height=&#8221;11px&#8221;][\/vc_column_inner][vc_column_inner width=&#8221;1\/6&#8243;][\/vc_column_inner][\/vc_row_inner][vc_empty_space height=&#8221;27px&#8221;][vc_tta_tabs active_section=&#8221;1&#8243; style=&#8221;modern&#8221;][vc_tta_section title=&#8221;7 &amp; 8 Juin 2025&#8243; tab_id=&#8221;1533824007512-0882f014-6ea1&#8243;][cms_schedule content_list=&#8221;%5B%7B%22ct_image%22%3A%221204%22%2C%22ct_title%22%3A%22Arpajon%20%3A%20Salon%20du%20Vins%20et%20Fromages%22%2C%22ct_content%22%3A%22La%2033%C3%A8me%20%C3%A9dition%20du%20Salon%20%5C%22Vins%20et%20Fromages%5C%22%20se%20d%C3%A9roulera%20le%20week-end%20des%207%20et%208%20juin%2C%20sous%20la%20Halle%2C%20place%20du%20March%C3%A9.%20Elle%20r%C3%A9unira%20de%20nombreux%20exposants%2C%20venus%20de%20toute%20la%20France.%20Ils%20pr%C3%A9senteront%20et%20feront%20d%C3%A9guster%20leurs%20produits%20du%20terroir.%20Venez%20les%20rencontrer%20!%22%2C%22ct_time%22%3A%2210%3AOO%20%C3%A0%2019%3A00%22%2C%22ct_room%22%3A%22Place%20du%20March%C3%A9%22%2C%22ct_speakers%22%3A%22A%20d%C3%A9finir%22%7D%5D&#8221;][\/vc_tta_section][vc_tta_section title=&#8221;Mars 2025&#8243; tab_id=&#8221;1736064548021-d5dfceec-1f04&#8243;][cms_schedule content_list=&#8221;%5B%7B%22ct_image%22%3A%221209%22%2C%22ct_title%22%3A%22Arpajon%20%3A%20Salon%20des%20potiers%22%2C%22ct_content%22%3A%22Organis%C3%A9%20par%20l&#8217;association%20Le%20Bonheur%20est%20dans%20le%20pot%2C%20en%20partenariat%20avec%20la%20Municipalit%C3%A9%2C%20les%20exposants%20pr%C3%A9senteront%20leurs%20derni%C3%A8res%20cr%C3%A9ations.%22%2C%22ct_time%22%3A%22A%20definir%22%2C%22ct_room%22%3A%22A%20definir%22%2C%22ct_speakers%22%3A%22A%20d%C3%A9finir%22%7D%5D&#8221;][\/vc_tta_section][vc_tta_section title=&#8221;19 au 21 Septembre&#8221; tab_id=&#8221;1736064951820-27ebb92d-d665&#8243;][cms_schedule content_list=&#8221;%5B%7B%22ct_image%22%3A%221206%22%2C%22ct_title%22%3A%22La%20Foire%20aux%20Haricots%22%2C%22ct_content%22%3A%22La%20Foire%20aux%20Haricots%20est%20un%20%C3%A9v%C3%A9nement%20festif%20et%20commercial%20majeur%20de%20rayonnement%20r%C3%A9gional%20qui%20contribue%20%C3%A0%20la%20renomm%C3%A9e%20de%20la%20commune%20%C3%A0%20travers%20les%20g%C3%A9n%C3%A9rations.%20D%E2%80%99abord%20foire%20agricole%2C%20la%20manifestation%20s%E2%80%99est%20adapt%C3%A9e%20aux%20modes%20de%20vies%20de%20habitants%20d%E2%80%99%C3%8Ele%20de%20France%20pour%20devenir%20une%20foire%20de%20produits%20manufactur%C3%A9s%20avant%20de%20s%E2%80%99affirmer%20depuis%20le%20d%C3%A9but%20des%20ann%C3%A9es%202000%2C%20comme%20un%20%C3%A9v%C3%A9nement%20qui%20f%C3%A9d%C3%A8re%20des%20p%C3%B4les%20d%E2%80%99animations%20tr%C3%A8s%20dynamiques%20%3A%20p%C3%B4le%20commercial%2C%20p%C3%B4le%20gastronomie%2C%20grande%20f%C3%AAte%20foraine%2C%20p%C3%B4le%20culturel%2C%20p%C3%B4le%20pr%C3%A9vention%20%E2%80%93%20s%C3%A9curit%C3%A9%20routi%C3%A8re%E2%80%A6%22%2C%22ct_time%22%3A%22A%20definir%22%2C%22ct_room%22%3A%22Place%20du%20March%C3%A9%22%2C%22ct_speakers%22%3A%22A%20definir%22%7D%5D&#8221;][\/vc_tta_section][vc_tta_section title=&#8221;D\u00e9cembre 2025&#8243; tab_id=&#8221;1533824007537-4ba87263-d1dc&#8221;][cms_schedule content_list=&#8221;%5B%7B%22ct_image%22%3A%221208%22%2C%22ct_title%22%3A%22Arpajon%20%3A%20March%C3%A9%20de%20Noel%22%2C%22ct_content%22%3A%22Pour%20la%20prochaine%20%C3%A9dition%20du%20march%C3%A9%20de%20No%C3%ABl%2C%20nous%20recherchons%20des%20exposants%20qui%20incarnent%20l&#8217;esprit%20cr%C3%A9atif%20et%20festif%20de%20l%E2%80%99%C3%A9v%C3%A9nement.%20Que%20ce%20soit%20des%20cr%C3%A9ations%20artisanales%2C%20artistiques%2C%20culinaires%E2%80%A6%20la%20ville%20d%E2%80%99Arpajon%20sera%20heureuse%20de%20vous%20accueillir%22%2C%22ct_time%22%3A%22A%20definir%22%2C%22ct_room%22%3A%22A%20definir%22%2C%22ct_speakers%22%3A%22A%20definir%22%7D%5D&#8221;][\/vc_tta_section][\/vc_tta_tabs][\/vc_column][\/vc_row][vc_row el_id=&#8221;tickets&#8221;][vc_column css=&#8221;.vc_custom_1533864954712{padding-top: 108px !important;padding-bottom: 120px !important;}&#8221;][vc_row_inner][vc_column_inner width=&#8221;1\/6&#8243;][\/vc_column_inner][vc_column_inner width=&#8221;2\/3&#8243;][cms_separator position=&#8221;ps-center&#8221; width=&#8221;2&#8243; height=&#8221;60&#8243; animation=&#8221;fadeInUp&#8221;][\/vc_column_inner][vc_column_inner width=&#8221;1\/6&#8243;][\/vc_column_inner][\/vc_row_inner][\/vc_column][\/vc_row]<\/p>\n<\/div>","protected":false},"excerpt":{"rendered":"<p>[vc_row full_width=&#8221;stretch_row_content_no_spaces&#8221; el_id=&#8221;section-home&#8221;][vc_column][rev_slider_vc alias=&#8221;home&#8221; arrow_style=&#8221;style5&#8243; bullet_style=&#8221;bullet-style2&#8243;][\/vc_column][\/vc_row][vc_row el_id=&#8221;about&#8221;][vc_column css=&#8221;.vc_custom_1533809964198{padding-top: 107px !important;padding-bottom: 74px !important;}&#8221;][cms_heading text=&#8221;Au c\u0153ur des \u00e9v\u00e9nements de votre r\u00e9gion&#8221; align_lg=&#8221;align-center&#8221; align_md=&#8221;align-center-md&#8221; align_sm=&#8221;align-center-sm&#8221; align_xs=&#8221;align-center-xs&#8221; font_size=&#8221;36&#8243; font_size_md=&#8221;36&#8243; font_size_sm=&#8221;36&#8243; font_size_xs=&#8221;30&#8243; text_transform=&#8221;lowercase&#8221; font_weight=&#8221;&#8221; text_color=&#8221;#444d57&#8243; margin_bottom=&#8221;7&#8243; animation=&#8221;fadeInUp&#8221;][vc_empty_space height=&#8221;11px&#8221;][cms_separator position=&#8221;ps-center&#8221; width=&#8221;2&#8243; height=&#8221;60&#8243; animation=&#8221;fadeInUp&#8221;][vc_empty_space height=&#8221;40px&#8221;][vc_row_inner][vc_column_inner width=&#8221;1\/2&#8243; css=&#8221;.vc_custom_1533809948458{padding-top: 0px !important;padding-bottom: 44px !important;}&#8221;][cms_heading text=&#8221;BENGA Ev\u00e8nements&#8221; tag=&#8221;h4&#8243; font_size=&#8221;18&#8243; font_size_md=&#8221;18&#8243; font_size_sm=&#8221;18&#8243; font_size_xs=&#8221;18&#8243; line_height=&#8221;27&#8243; line_height_md=&#8221;27&#8243; line_height_sm=&#8221;27&#8243; line_height_xs=&#8221;27&#8243; [&hellip;]<\/p>\n","protected":false},"author":1,"featured_media":0,"parent":0,"menu_order":0,"comment_status":"closed","ping_status":"closed","template":"","meta":{"footnotes":""},"class_list":["post-274","page","type-page","status-publish","hentry"],"yoast_head":"<!-- This site is optimized with the Yoast SEO plugin v24.1 - https:\/\/yoast.com\/wordpress\/plugins\/seo\/ -->\n<title>Home - Evenements Benga<\/title>\n<meta name=\"robots\" content=\"index, follow, max-snippet:-1, max-image-preview:large, max-video-preview:-1\" \/>\n<link rel=\"canonical\" href=\"https:\/\/event.benga.fr\/\" \/>\n<meta property=\"og:locale\" content=\"en_US\" \/>\n<meta property=\"og:type\" content=\"article\" \/>\n<meta property=\"og:title\" content=\"Home - Evenements Benga\" \/>\n<meta property=\"og:description\" content=\"[vc_row full_width=&#8221;stretch_row_content_no_spaces&#8221; el_id=&#8221;section-home&#8221;][vc_column][rev_slider_vc alias=&#8221;home&#8221; arrow_style=&#8221;style5&#8243; bullet_style=&#8221;bullet-style2&#8243;][\/vc_column][\/vc_row][vc_row el_id=&#8221;about&#8221;][vc_column css=&#8221;.vc_custom_1533809964198{padding-top: 107px !important;padding-bottom: 74px !important;}&#8221;][cms_heading text=&#8221;Au c\u0153ur des \u00e9v\u00e9nements de votre r\u00e9gion&#8221; align_lg=&#8221;align-center&#8221; align_md=&#8221;align-center-md&#8221; align_sm=&#8221;align-center-sm&#8221; align_xs=&#8221;align-center-xs&#8221; font_size=&#8221;36&#8243; font_size_md=&#8221;36&#8243; font_size_sm=&#8221;36&#8243; font_size_xs=&#8221;30&#8243; text_transform=&#8221;lowercase&#8221; font_weight=&#8221;&#8221; text_color=&#8221;#444d57&#8243; margin_bottom=&#8221;7&#8243; animation=&#8221;fadeInUp&#8221;][vc_empty_space height=&#8221;11px&#8221;][cms_separator position=&#8221;ps-center&#8221; width=&#8221;2&#8243; height=&#8221;60&#8243; animation=&#8221;fadeInUp&#8221;][vc_empty_space height=&#8221;40px&#8221;][vc_row_inner][vc_column_inner width=&#8221;1\/2&#8243; css=&#8221;.vc_custom_1533809948458{padding-top: 0px !important;padding-bottom: 44px !important;}&#8221;][cms_heading text=&#8221;BENGA Ev\u00e8nements&#8221; tag=&#8221;h4&#8243; font_size=&#8221;18&#8243; font_size_md=&#8221;18&#8243; font_size_sm=&#8221;18&#8243; font_size_xs=&#8221;18&#8243; line_height=&#8221;27&#8243; line_height_md=&#8221;27&#8243; line_height_sm=&#8221;27&#8243; line_height_xs=&#8221;27&#8243; [&hellip;]\" \/>\n<meta property=\"og:url\" content=\"https:\/\/event.benga.fr\/\" \/>\n<meta property=\"og:site_name\" content=\"Evenements Benga\" \/>\n<meta property=\"article:modified_time\" content=\"2025-01-05T12:37:39+00:00\" \/>\n<meta name=\"twitter:card\" content=\"summary_large_image\" \/>\n<meta name=\"twitter:label1\" content=\"Est. reading time\" \/>\n\t<meta name=\"twitter:data1\" content=\"2 minutes\" \/>\n<script type=\"application\/ld+json\" class=\"yoast-schema-graph\">{\"@context\":\"https:\/\/schema.org\",\"@graph\":[{\"@type\":\"WebPage\",\"@id\":\"https:\/\/event.benga.fr\/\",\"url\":\"https:\/\/event.benga.fr\/\",\"name\":\"Home - Evenements Benga\",\"isPartOf\":{\"@id\":\"https:\/\/event.benga.fr\/#website\"},\"datePublished\":\"2018-08-01T03:10:30+00:00\",\"dateModified\":\"2025-01-05T12:37:39+00:00\",\"breadcrumb\":{\"@id\":\"https:\/\/event.benga.fr\/#breadcrumb\"},\"inLanguage\":\"en-US\",\"potentialAction\":[{\"@type\":\"ReadAction\",\"target\":[\"https:\/\/event.benga.fr\/\"]}]},{\"@type\":\"BreadcrumbList\",\"@id\":\"https:\/\/event.benga.fr\/#breadcrumb\",\"itemListElement\":[{\"@type\":\"ListItem\",\"position\":1,\"name\":\"Home\",\"item\":\"https:\/\/event.benga.fr\/\"},{\"@type\":\"ListItem\",\"position\":2,\"name\":\"Home\"}]},{\"@type\":\"WebSite\",\"@id\":\"https:\/\/event.benga.fr\/#website\",\"url\":\"https:\/\/event.benga.fr\/\",\"name\":\"Evenements Benga\",\"description\":\"\",\"potentialAction\":[{\"@type\":\"SearchAction\",\"target\":{\"@type\":\"EntryPoint\",\"urlTemplate\":\"https:\/\/event.benga.fr\/?s={search_term_string}\"},\"query-input\":{\"@type\":\"PropertyValueSpecification\",\"valueRequired\":true,\"valueName\":\"search_term_string\"}}],\"inLanguage\":\"en-US\"}]}<\/script>\n<!-- \/ Yoast SEO plugin. -->","yoast_head_json":{"title":"Home - Evenements Benga","robots":{"index":"index","follow":"follow","max-snippet":"max-snippet:-1","max-image-preview":"max-image-preview:large","max-video-preview":"max-video-preview:-1"},"canonical":"https:\/\/event.benga.fr\/","og_locale":"en_US","og_type":"article","og_title":"Home - Evenements Benga","og_description":"[vc_row full_width=&#8221;stretch_row_content_no_spaces&#8221; el_id=&#8221;section-home&#8221;][vc_column][rev_slider_vc alias=&#8221;home&#8221; arrow_style=&#8221;style5&#8243; bullet_style=&#8221;bullet-style2&#8243;][\/vc_column][\/vc_row][vc_row el_id=&#8221;about&#8221;][vc_column css=&#8221;.vc_custom_1533809964198{padding-top: 107px !important;padding-bottom: 74px !important;}&#8221;][cms_heading text=&#8221;Au c\u0153ur des \u00e9v\u00e9nements de votre r\u00e9gion&#8221; align_lg=&#8221;align-center&#8221; align_md=&#8221;align-center-md&#8221; align_sm=&#8221;align-center-sm&#8221; align_xs=&#8221;align-center-xs&#8221; font_size=&#8221;36&#8243; font_size_md=&#8221;36&#8243; font_size_sm=&#8221;36&#8243; font_size_xs=&#8221;30&#8243; text_transform=&#8221;lowercase&#8221; font_weight=&#8221;&#8221; text_color=&#8221;#444d57&#8243; margin_bottom=&#8221;7&#8243; animation=&#8221;fadeInUp&#8221;][vc_empty_space height=&#8221;11px&#8221;][cms_separator position=&#8221;ps-center&#8221; width=&#8221;2&#8243; height=&#8221;60&#8243; animation=&#8221;fadeInUp&#8221;][vc_empty_space height=&#8221;40px&#8221;][vc_row_inner][vc_column_inner width=&#8221;1\/2&#8243; css=&#8221;.vc_custom_1533809948458{padding-top: 0px !important;padding-bottom: 44px !important;}&#8221;][cms_heading text=&#8221;BENGA Ev\u00e8nements&#8221; tag=&#8221;h4&#8243; font_size=&#8221;18&#8243; font_size_md=&#8221;18&#8243; font_size_sm=&#8221;18&#8243; font_size_xs=&#8221;18&#8243; line_height=&#8221;27&#8243; line_height_md=&#8221;27&#8243; line_height_sm=&#8221;27&#8243; line_height_xs=&#8221;27&#8243; [&hellip;]","og_url":"https:\/\/event.benga.fr\/","og_site_name":"Evenements Benga","article_modified_time":"2025-01-05T12:37:39+00:00","twitter_card":"summary_large_image","twitter_misc":{"Est. reading time":"2 minutes"},"schema":{"@context":"https:\/\/schema.org","@graph":[{"@type":"WebPage","@id":"https:\/\/event.benga.fr\/","url":"https:\/\/event.benga.fr\/","name":"Home - Evenements Benga","isPartOf":{"@id":"https:\/\/event.benga.fr\/#website"},"datePublished":"2018-08-01T03:10:30+00:00","dateModified":"2025-01-05T12:37:39+00:00","breadcrumb":{"@id":"https:\/\/event.benga.fr\/#breadcrumb"},"inLanguage":"en-US","potentialAction":[{"@type":"ReadAction","target":["https:\/\/event.benga.fr\/"]}]},{"@type":"BreadcrumbList","@id":"https:\/\/event.benga.fr\/#breadcrumb","itemListElement":[{"@type":"ListItem","position":1,"name":"Home","item":"https:\/\/event.benga.fr\/"},{"@type":"ListItem","position":2,"name":"Home"}]},{"@type":"WebSite","@id":"https:\/\/event.benga.fr\/#website","url":"https:\/\/event.benga.fr\/","name":"Evenements Benga","description":"","potentialAction":[{"@type":"SearchAction","target":{"@type":"EntryPoint","urlTemplate":"https:\/\/event.benga.fr\/?s={search_term_string}"},"query-input":{"@type":"PropertyValueSpecification","valueRequired":true,"valueName":"search_term_string"}}],"inLanguage":"en-US"}]}},"_links":{"self":[{"href":"https:\/\/event.benga.fr\/index.php?rest_route=\/wp\/v2\/pages\/274","targetHints":{"allow":["GET"]}}],"collection":[{"href":"https:\/\/event.benga.fr\/index.php?rest_route=\/wp\/v2\/pages"}],"about":[{"href":"https:\/\/event.benga.fr\/index.php?rest_route=\/wp\/v2\/types\/page"}],"author":[{"embeddable":true,"href":"https:\/\/event.benga.fr\/index.php?rest_route=\/wp\/v2\/users\/1"}],"replies":[{"embeddable":true,"href":"https:\/\/event.benga.fr\/index.php?rest_route=%2Fwp%2Fv2%2Fcomments&post=274"}],"version-history":[{"count":12,"href":"https:\/\/event.benga.fr\/index.php?rest_route=\/wp\/v2\/pages\/274\/revisions"}],"predecessor-version":[{"id":1225,"href":"https:\/\/event.benga.fr\/index.php?rest_route=\/wp\/v2\/pages\/274\/revisions\/1225"}],"wp:attachment":[{"href":"https:\/\/event.benga.fr\/index.php?rest_route=%2Fwp%2Fv2%2Fmedia&parent=274"}],"curies":[{"name":"wp","href":"https:\/\/api.w.org\/{rel}","templated":true}]}}